{"id":45,"date":"2025-11-01T14:29:33","date_gmt":"2025-11-01T14:29:33","guid":{"rendered":"https:\/\/guillaumechevalier.art\/?page_id=45"},"modified":"2025-11-30T14:10:22","modified_gmt":"2025-11-30T14:10:22","slug":"front_page","status":"publish","type":"page","link":"https:\/\/guillaumechevalier.art\/?page_id=45","title":{"rendered":"\u00c0 propos"},"content":{"rendered":"\n<h2 class=\"wp-block-heading\">Bienvenue<\/h2>\n\n\n\n<div class=\"wp-block-columns is-layout-flex wp-container-core-columns-is-layout-28f84493 wp-block-columns-is-layout-flex\">\n<div class=\"wp-block-column is-layout-flow wp-block-column-is-layout-flow\" style=\"flex-basis:33.33%\">\n<figure class=\"wp-block-image size-large is-resized has-custom-border\"><img fetchpriority=\"high\" decoding=\"async\" width=\"1283\" height=\"1283\" src=\"https:\/\/guillaumechevalier.art\/wp-content\/uploads\/2025\/11\/ac22cd47-6568-4575-8a04-d1c1fac6b947-edited.jpg\" alt=\"\" class=\"wp-image-98\" style=\"border-radius:20px;width:220px\" srcset=\"https:\/\/guillaumechevalier.art\/wp-content\/uploads\/2025\/11\/ac22cd47-6568-4575-8a04-d1c1fac6b947-edited.jpg 1283w, https:\/\/guillaumechevalier.art\/wp-content\/uploads\/2025\/11\/ac22cd47-6568-4575-8a04-d1c1fac6b947-edited-300x300.jpg 300w, https:\/\/guillaumechevalier.art\/wp-content\/uploads\/2025\/11\/ac22cd47-6568-4575-8a04-d1c1fac6b947-edited-1024x1024.jpg 1024w, https:\/\/guillaumechevalier.art\/wp-content\/uploads\/2025\/11\/ac22cd47-6568-4575-8a04-d1c1fac6b947-edited-150x150.jpg 150w, https:\/\/guillaumechevalier.art\/wp-content\/uploads\/2025\/11\/ac22cd47-6568-4575-8a04-d1c1fac6b947-edited-768x768.jpg 768w\" sizes=\"(max-width: 1283px) 100vw, 1283px\" \/><\/figure>\n\n\n\n<div class=\"wp-block-buttons is-content-justification-left is-layout-flex wp-container-core-buttons-is-layout-6a42c07d wp-block-buttons-is-layout-flex\">\n<div class=\"wp-block-button\"><a class=\"wp-block-button__link wp-element-button\" href=\"https:\/\/guillaumechevalier.art\/?page_id=88\">Voir mon porfolio<\/a><\/div>\n<\/div>\n<\/div>\n\n\n\n<div class=\"wp-block-column is-layout-flow wp-block-column-is-layout-flow\" style=\"flex-basis:66.66%\">\n<p>J\u2019ai toujours \u00e9t\u00e9 attir\u00e9 par l\u2019image. Qu\u2019elle soit anim\u00e9e ou non, cela a toujours \u00e9t\u00e9 pour moi une r\u00e9f\u00e9rence. En 2016, apr\u00e8s mon baccalaur\u00e9at, j\u2019ai entam\u00e9 des \u00e9tudes en r\u00e9alisation audiovisuelle \u00e0 l\u2019\u00c9cole Sup\u00e9rieure de R\u00e9alisation Audiovisuelle (ESRA) \u00e0 Rennes. Apr\u00e8s mon dipl\u00f4me en 2019, j\u2019ai eu l\u2019immense chance de pouvoir co-sc\u00e9nariser et co-r\u00e9aliser un court-m\u00e9trage, accompagn\u00e9 par Maxime Godart.<\/p>\n\n\n\n<p>Au cours de mes stages en 2018 et 2019, je d\u00e9couvre la communication et par ce biais les outils graphiques num\u00e9riques. J\u2019ai d\u00fb appr\u00e9hender ces outils au service de la vid\u00e9o. Je d\u00e9couvre aussi InDesign et Illustrator, que j\u2019apprends progressivement \u00e0 utiliser \u00e0 un niveau non professionnel. Mais cette passion pour le graphisme et la communication grandit avec mon engagement b\u00e9n\u00e9vole au service de la M\u00e9diath\u00e8que de Pleine-Foug\u00e8res, dont j\u2019assure depuis 2018 la communication \u00e0 destination du public.<\/p>\n\n\n\n<p>Afin de concr\u00e9tiser cette passion, et en compl\u00e9tant ma formation en r\u00e9alisation audiovisuelle, j\u2019int\u00e8gre l\u2019Institut Sup\u00e9rieur de&nbsp;Design de Saint-Malo (Institut&nbsp;D.) en 2023.<\/p>\n\n\n\n<p>J\u2019ai entre temps eu l\u2019occasion de travailler en tant qu\u2019agent administartif, notamment en communication. Cette exp\u00e9rience m\u2019a permis d\u2019acqu\u00e9rir de nouvelles comp\u00e9tences, notamment du point de vue organisationnel.<\/p>\n<\/div>\n<\/div>\n\n\n\n<h3 class=\"wp-block-heading\">Me contacter<\/h3>\n\n\n<style id=\"wpforms-css-vars-202-block-767dcdee-24f7-422a-b037-1fb03573ca23\">\n\t\t\t\t#wpforms-202.wpforms-block-767dcdee-24f7-422a-b037-1fb03573ca23 {\n\t\t\t\t--wpforms-label-color: rgba(0, 0, 0, 0.85);\n--wpforms-label-sublabel-color: rgba(0, 0, 0, 0.55);\n--wpforms-field-border-radius: 12px;\n--wpforms-field-border-color: rgba(0, 0, 0, 0.25);\n--wpforms-field-border-color-spare: rgba(0, 0, 0, 0.25);\n--wpforms-field-text-color: rgba(0, 0, 0, 0.7);\n--wpforms-field-size-input-height: 43px;\n--wpforms-field-size-input-spacing: 15px;\n--wpforms-field-size-font-size: 16px;\n--wpforms-field-size-line-height: 19px;\n--wpforms-field-size-padding-h: 14px;\n--wpforms-field-size-checkbox-size: 16px;\n--wpforms-field-size-sublabel-spacing: 5px;\n--wpforms-field-size-icon-size: 1;\n--wpforms-label-size-font-size: 16px;\n--wpforms-label-size-line-height: 19px;\n--wpforms-label-size-sublabel-font-size: 14px;\n--wpforms-label-size-sublabel-line-height: 17px;\n--wpforms-button-size-font-size: 17px;\n--wpforms-button-size-height: 41px;\n--wpforms-button-size-padding-h: 15px;\n--wpforms-button-size-margin-top: 10px;\n\t\t\t}\n\t\t\t<\/style><div class=\"wpforms-container wpforms-container-full wpforms-block wpforms-block-767dcdee-24f7-422a-b037-1fb03573ca23 wpforms-render-modern\" id=\"wpforms-202\"><form id=\"wpforms-form-202\" class=\"wpforms-validate wpforms-form wpforms-ajax-form\" data-formid=\"202\" method=\"post\" enctype=\"multipart\/form-data\" action=\"\/index.php?rest_route=%2Fwp%2Fv2%2Fpages%2F45\" data-token=\"0fd533cbc93da448491350f9f5afb57b\" data-token-time=\"1775910314\"><noscript class=\"wpforms-error-noscript\">Veuillez activer JavaScript dans votre navigateur pour remplir ce formulaire.<\/noscript><div id=\"wpforms-error-noscript\" style=\"display: none;\">Veuillez activer JavaScript dans votre navigateur pour remplir ce formulaire.<\/div><div class=\"wpforms-field-container\"><div id=\"wpforms-202-field_1-container\" class=\"wpforms-field wpforms-field-name\" data-field-id=\"1\"><fieldset><legend class=\"wpforms-field-label\">Nom <span class=\"wpforms-required-label\" aria-hidden=\"true\">*<\/span><\/legend><div class=\"wpforms-field-row wpforms-field-medium\"><div class=\"wpforms-field-row-block wpforms-first wpforms-one-half\"><input type=\"text\" id=\"wpforms-202-field_1\" class=\"wpforms-field-name-first wpforms-field-required\" name=\"wpforms[fields][1][first]\" aria-errormessage=\"wpforms-202-field_1-error\" required><label for=\"wpforms-202-field_1\" class=\"wpforms-field-sublabel after\">Pr\u00e9nom<\/label><\/div><div class=\"wpforms-field-row-block wpforms-one-half\"><input type=\"text\" id=\"wpforms-202-field_1-last\" class=\"wpforms-field-name-last wpforms-field-required\" name=\"wpforms[fields][1][last]\" aria-errormessage=\"wpforms-202-field_1-last-error\" required><label for=\"wpforms-202-field_1-last\" class=\"wpforms-field-sublabel after\">Nom<\/label><\/div><\/div><\/fieldset><\/div>\t\t<div id=\"wpforms-202-field_4-container\"\n\t\t\tclass=\"wpforms-field wpforms-field-text\"\n\t\t\tdata-field-type=\"text\"\n\t\t\tdata-field-id=\"4\"\n\t\t\t>\n\t\t\t<label class=\"wpforms-field-label\" for=\"wpforms-202-field_4\" >demande E-mail Votre<\/label>\n\t\t\t<input type=\"text\" id=\"wpforms-202-field_4\" class=\"wpforms-field-medium\" name=\"wpforms[fields][4]\" >\n\t\t<\/div>\n\t\t<div id=\"wpforms-202-field_2-container\" class=\"wpforms-field wpforms-field-email\" data-field-id=\"2\"><label class=\"wpforms-field-label\" for=\"wpforms-202-field_2\">E-mail <span class=\"wpforms-required-label\" aria-hidden=\"true\">*<\/span><\/label><input type=\"email\" id=\"wpforms-202-field_2\" class=\"wpforms-field-medium wpforms-field-required\" name=\"wpforms[fields][2]\" spellcheck=\"false\" aria-errormessage=\"wpforms-202-field_2-error\" required><\/div><div id=\"wpforms-202-field_3-container\" class=\"wpforms-field wpforms-field-textarea\" data-field-id=\"3\"><label class=\"wpforms-field-label\" for=\"wpforms-202-field_3\">Votre demande <span class=\"wpforms-required-label\" aria-hidden=\"true\">*<\/span><\/label><textarea id=\"wpforms-202-field_3\" class=\"wpforms-field-medium wpforms-field-required\" name=\"wpforms[fields][3]\" aria-errormessage=\"wpforms-202-field_3-error\" required><\/textarea><\/div><script>\n\t\t\t\t( function() {\n\t\t\t\t\tconst style = document.createElement( 'style' );\n\t\t\t\t\tstyle.appendChild( document.createTextNode( '#wpforms-202-field_4-container { position: absolute !important; overflow: hidden !important; display: inline !important; height: 1px !important; width: 1px !important; z-index: -1000 !important; padding: 0 !important; } #wpforms-202-field_4-container input { visibility: hidden; } #wpforms-conversational-form-page #wpforms-202-field_4-container label { counter-increment: none; }' ) );\n\t\t\t\t\tdocument.head.appendChild( style );\n\t\t\t\t\tdocument.currentScript?.remove();\n\t\t\t\t} )();\n\t\t\t<\/script><\/div><!-- .wpforms-field-container --><div class=\"wpforms-submit-container\" ><input type=\"hidden\" name=\"wpforms[id]\" value=\"202\"><input type=\"hidden\" name=\"page_title\" value=\"\"><input type=\"hidden\" name=\"page_url\" value=\"https:\/\/guillaumechevalier.art\/index.php?rest_route=\/wp\/v2\/pages\/45\"><input type=\"hidden\" name=\"url_referer\" value=\"\"><button type=\"submit\" name=\"wpforms[submit]\" id=\"wpforms-submit-202\" class=\"wpforms-submit\" data-alt-text=\"Envoi...\" data-submit-text=\"Envoyer\" aria-live=\"assertive\" value=\"wpforms-submit\">Envoyer<\/button><img decoding=\"async\" src=\"https:\/\/guillaumechevalier.art\/wp-content\/plugins\/wpforms-lite\/assets\/images\/submit-spin.svg\" class=\"wpforms-submit-spinner\" style=\"display: none;\" width=\"26\" height=\"26\" alt=\"Chargement en cours\"><\/div><\/form><\/div>  <!-- .wpforms-container -->","protected":false},"excerpt":{"rendered":"<p>Bienvenue J\u2019ai toujours \u00e9t\u00e9 attir\u00e9 par l\u2019image. Qu\u2019elle soit anim\u00e9e ou non, cela a toujours \u00e9t\u00e9 pour moi une r\u00e9f\u00e9rence. [&hellip;]<\/p>\n","protected":false},"author":1,"featured_media":0,"parent":0,"menu_order":0,"comment_status":"closed","ping_status":"closed","template":"elementor_theme","meta":{"site-sidebar-layout":"default","site-content-layout":"","ast-site-content-layout":"default","site-content-style":"default","site-sidebar-style":"default","ast-global-header-display":"","ast-banner-title-visibility":"","ast-main-header-display":"","ast-hfb-above-header-display":"","ast-hfb-below-header-display":"","ast-hfb-mobile-header-display":"","site-post-title":"disabled","ast-breadcrumbs-content":"","ast-featured-img":"","footer-sml-layout":"","theme-transparent-header-meta":"","adv-header-id-meta":"","stick-header-meta":"","header-above-stick-meta":"","header-main-stick-meta":"","header-below-stick-meta":"","astra-migrate-meta-layouts":"default","ast-page-background-enabled":"default","ast-page-background-meta":{"desktop":{"background-color":"var(--ast-global-color-5)","background-image":"","background-repeat":"repeat","background-position":"center center","background-size":"auto","background-attachment":"scroll","background-type":"","background-media":"","overlay-type":"","overlay-color":"","overlay-opacity":"","overlay-gradient":""},"tablet":{"background-color":"","background-image":"","background-repeat":"repeat","background-position":"center center","background-size":"auto","background-attachment":"scroll","background-type":"","background-media":"","overlay-type":"","overlay-color":"","overlay-opacity":"","overlay-gradient":""},"mobile":{"background-color":"","background-image":"","background-repeat":"repeat","background-position":"center center","background-size":"auto","background-attachment":"scroll","background-type":"","background-media":"","overlay-type":"","overlay-color":"","overlay-opacity":"","overlay-gradient":""}},"ast-content-background-meta":{"desktop":{"background-color":"var(--ast-global-color-4)","background-image":"","background-repeat":"repeat","background-position":"center center","background-size":"auto","background-attachment":"scroll","background-type":"","background-media":"","overlay-type":"","overlay-color":"","overlay-opacity":"","overlay-gradient":""},"tablet":{"background-color":"var(--ast-global-color-4)","background-image":"","background-repeat":"repeat","background-position":"center center","background-size":"auto","background-attachment":"scroll","background-type":"","background-media":"","overlay-type":"","overlay-color":"","overlay-opacity":"","overlay-gradient":""},"mobile":{"background-color":"var(--ast-global-color-4)","background-image":"","background-repeat":"repeat","background-position":"center center","background-size":"auto","background-attachment":"scroll","background-type":"","background-media":"","overlay-type":"","overlay-color":"","overlay-opacity":"","overlay-gradient":""}},"footnotes":""},"class_list":["post-45","page","type-page","status-publish","hentry"],"yoast_head":"<!-- This site is optimized with the Yoast SEO plugin v26.8 - https:\/\/yoast.com\/product\/yoast-seo-wordpress\/ -->\n<title>\u00c0 propos - Guillaume Chevalier - Portfolio<\/title>\n<meta name=\"robots\" content=\"index, follow, max-snippet:-1, max-image-preview:large, max-video-preview:-1\" \/>\n<link rel=\"canonical\" href=\"https:\/\/guillaumechevalier.art\/?page_id=45\" \/>\n<meta property=\"og:locale\" content=\"fr_FR\" \/>\n<meta property=\"og:type\" content=\"article\" \/>\n<meta property=\"og:title\" content=\"\u00c0 propos - Guillaume Chevalier - Portfolio\" \/>\n<meta property=\"og:description\" content=\"Bienvenue J\u2019ai toujours \u00e9t\u00e9 attir\u00e9 par l\u2019image. Qu\u2019elle soit anim\u00e9e ou non, cela a toujours \u00e9t\u00e9 pour moi une r\u00e9f\u00e9rence. [&hellip;]\" \/>\n<meta property=\"og:url\" content=\"https:\/\/guillaumechevalier.art\/?page_id=45\" \/>\n<meta property=\"og:site_name\" content=\"Guillaume Chevalier - Portfolio\" \/>\n<meta property=\"article:modified_time\" content=\"2025-11-30T14:10:22+00:00\" \/>\n<meta property=\"og:image\" content=\"https:\/\/guillaumechevalier.art\/wp-content\/uploads\/2025\/11\/ac22cd47-6568-4575-8a04-d1c1fac6b947-edited.jpg\" \/>\n\t<meta property=\"og:image:width\" content=\"1283\" \/>\n\t<meta property=\"og:image:height\" content=\"1283\" \/>\n\t<meta property=\"og:image:type\" content=\"image\/jpeg\" \/>\n<meta name=\"twitter:card\" content=\"summary_large_image\" \/>\n<meta name=\"twitter:label1\" content=\"Dur\u00e9e de lecture estim\u00e9e\" \/>\n\t<meta name=\"twitter:data1\" content=\"2 minutes\" \/>\n<script type=\"application\/ld+json\" class=\"yoast-schema-graph\">{\"@context\":\"https:\/\/schema.org\",\"@graph\":[{\"@type\":\"WebPage\",\"@id\":\"https:\/\/guillaumechevalier.art\/?page_id=45\",\"url\":\"https:\/\/guillaumechevalier.art\/?page_id=45\",\"name\":\"\u00c0 propos - Guillaume Chevalier - Portfolio\",\"isPartOf\":{\"@id\":\"https:\/\/guillaumechevalier.art\/#website\"},\"primaryImageOfPage\":{\"@id\":\"https:\/\/guillaumechevalier.art\/?page_id=45#primaryimage\"},\"image\":{\"@id\":\"https:\/\/guillaumechevalier.art\/?page_id=45#primaryimage\"},\"thumbnailUrl\":\"https:\/\/guillaumechevalier.art\/wp-content\/uploads\/2025\/11\/ac22cd47-6568-4575-8a04-d1c1fac6b947-edited.jpg\",\"datePublished\":\"2025-11-01T14:29:33+00:00\",\"dateModified\":\"2025-11-30T14:10:22+00:00\",\"breadcrumb\":{\"@id\":\"https:\/\/guillaumechevalier.art\/?page_id=45#breadcrumb\"},\"inLanguage\":\"fr-FR\",\"potentialAction\":[{\"@type\":\"ReadAction\",\"target\":[\"https:\/\/guillaumechevalier.art\/?page_id=45\"]}]},{\"@type\":\"ImageObject\",\"inLanguage\":\"fr-FR\",\"@id\":\"https:\/\/guillaumechevalier.art\/?page_id=45#primaryimage\",\"url\":\"https:\/\/guillaumechevalier.art\/wp-content\/uploads\/2025\/11\/ac22cd47-6568-4575-8a04-d1c1fac6b947-edited.jpg\",\"contentUrl\":\"https:\/\/guillaumechevalier.art\/wp-content\/uploads\/2025\/11\/ac22cd47-6568-4575-8a04-d1c1fac6b947-edited.jpg\",\"width\":1283,\"height\":1283},{\"@type\":\"BreadcrumbList\",\"@id\":\"https:\/\/guillaumechevalier.art\/?page_id=45#breadcrumb\",\"itemListElement\":[{\"@type\":\"ListItem\",\"position\":1,\"name\":\"Accueil\",\"item\":\"https:\/\/guillaumechevalier.art\/\"},{\"@type\":\"ListItem\",\"position\":2,\"name\":\"\u00c0 propos\"}]},{\"@type\":\"WebSite\",\"@id\":\"https:\/\/guillaumechevalier.art\/#website\",\"url\":\"https:\/\/guillaumechevalier.art\/\",\"name\":\"Guillaume Chevalier - Portfolio\",\"description\":\"\",\"publisher\":{\"@id\":\"https:\/\/guillaumechevalier.art\/#organization\"},\"potentialAction\":[{\"@type\":\"SearchAction\",\"target\":{\"@type\":\"EntryPoint\",\"urlTemplate\":\"https:\/\/guillaumechevalier.art\/?s={search_term_string}\"},\"query-input\":{\"@type\":\"PropertyValueSpecification\",\"valueRequired\":true,\"valueName\":\"search_term_string\"}}],\"inLanguage\":\"fr-FR\"},{\"@type\":\"Organization\",\"@id\":\"https:\/\/guillaumechevalier.art\/#organization\",\"name\":\"Guillaume Chevalier - Portfolio\",\"url\":\"https:\/\/guillaumechevalier.art\/\",\"logo\":{\"@type\":\"ImageObject\",\"inLanguage\":\"fr-FR\",\"@id\":\"https:\/\/guillaumechevalier.art\/#\/schema\/logo\/image\/\",\"url\":\"https:\/\/guillaumechevalier.art\/wp-content\/uploads\/2025\/11\/Icone-Guillaume-blanche-e1762008239569.png\",\"contentUrl\":\"https:\/\/guillaumechevalier.art\/wp-content\/uploads\/2025\/11\/Icone-Guillaume-blanche-e1762008239569.png\",\"width\":72,\"height\":76,\"caption\":\"Guillaume Chevalier - Portfolio\"},\"image\":{\"@id\":\"https:\/\/guillaumechevalier.art\/#\/schema\/logo\/image\/\"}}]}<\/script>\n<!-- \/ Yoast SEO plugin. -->","yoast_head_json":{"title":"\u00c0 propos - Guillaume Chevalier - Portfolio","robots":{"index":"index","follow":"follow","max-snippet":"max-snippet:-1","max-image-preview":"max-image-preview:large","max-video-preview":"max-video-preview:-1"},"canonical":"https:\/\/guillaumechevalier.art\/?page_id=45","og_locale":"fr_FR","og_type":"article","og_title":"\u00c0 propos - Guillaume Chevalier - Portfolio","og_description":"Bienvenue J\u2019ai toujours \u00e9t\u00e9 attir\u00e9 par l\u2019image. Qu\u2019elle soit anim\u00e9e ou non, cela a toujours \u00e9t\u00e9 pour moi une r\u00e9f\u00e9rence. [&hellip;]","og_url":"https:\/\/guillaumechevalier.art\/?page_id=45","og_site_name":"Guillaume Chevalier - Portfolio","article_modified_time":"2025-11-30T14:10:22+00:00","og_image":[{"width":1283,"height":1283,"url":"https:\/\/guillaumechevalier.art\/wp-content\/uploads\/2025\/11\/ac22cd47-6568-4575-8a04-d1c1fac6b947-edited.jpg","type":"image\/jpeg"}],"twitter_card":"summary_large_image","twitter_misc":{"Dur\u00e9e de lecture estim\u00e9e":"2 minutes"},"schema":{"@context":"https:\/\/schema.org","@graph":[{"@type":"WebPage","@id":"https:\/\/guillaumechevalier.art\/?page_id=45","url":"https:\/\/guillaumechevalier.art\/?page_id=45","name":"\u00c0 propos - Guillaume Chevalier - Portfolio","isPartOf":{"@id":"https:\/\/guillaumechevalier.art\/#website"},"primaryImageOfPage":{"@id":"https:\/\/guillaumechevalier.art\/?page_id=45#primaryimage"},"image":{"@id":"https:\/\/guillaumechevalier.art\/?page_id=45#primaryimage"},"thumbnailUrl":"https:\/\/guillaumechevalier.art\/wp-content\/uploads\/2025\/11\/ac22cd47-6568-4575-8a04-d1c1fac6b947-edited.jpg","datePublished":"2025-11-01T14:29:33+00:00","dateModified":"2025-11-30T14:10:22+00:00","breadcrumb":{"@id":"https:\/\/guillaumechevalier.art\/?page_id=45#breadcrumb"},"inLanguage":"fr-FR","potentialAction":[{"@type":"ReadAction","target":["https:\/\/guillaumechevalier.art\/?page_id=45"]}]},{"@type":"ImageObject","inLanguage":"fr-FR","@id":"https:\/\/guillaumechevalier.art\/?page_id=45#primaryimage","url":"https:\/\/guillaumechevalier.art\/wp-content\/uploads\/2025\/11\/ac22cd47-6568-4575-8a04-d1c1fac6b947-edited.jpg","contentUrl":"https:\/\/guillaumechevalier.art\/wp-content\/uploads\/2025\/11\/ac22cd47-6568-4575-8a04-d1c1fac6b947-edited.jpg","width":1283,"height":1283},{"@type":"BreadcrumbList","@id":"https:\/\/guillaumechevalier.art\/?page_id=45#breadcrumb","itemListElement":[{"@type":"ListItem","position":1,"name":"Accueil","item":"https:\/\/guillaumechevalier.art\/"},{"@type":"ListItem","position":2,"name":"\u00c0 propos"}]},{"@type":"WebSite","@id":"https:\/\/guillaumechevalier.art\/#website","url":"https:\/\/guillaumechevalier.art\/","name":"Guillaume Chevalier - Portfolio","description":"","publisher":{"@id":"https:\/\/guillaumechevalier.art\/#organization"},"potentialAction":[{"@type":"SearchAction","target":{"@type":"EntryPoint","urlTemplate":"https:\/\/guillaumechevalier.art\/?s={search_term_string}"},"query-input":{"@type":"PropertyValueSpecification","valueRequired":true,"valueName":"search_term_string"}}],"inLanguage":"fr-FR"},{"@type":"Organization","@id":"https:\/\/guillaumechevalier.art\/#organization","name":"Guillaume Chevalier - Portfolio","url":"https:\/\/guillaumechevalier.art\/","logo":{"@type":"ImageObject","inLanguage":"fr-FR","@id":"https:\/\/guillaumechevalier.art\/#\/schema\/logo\/image\/","url":"https:\/\/guillaumechevalier.art\/wp-content\/uploads\/2025\/11\/Icone-Guillaume-blanche-e1762008239569.png","contentUrl":"https:\/\/guillaumechevalier.art\/wp-content\/uploads\/2025\/11\/Icone-Guillaume-blanche-e1762008239569.png","width":72,"height":76,"caption":"Guillaume Chevalier - Portfolio"},"image":{"@id":"https:\/\/guillaumechevalier.art\/#\/schema\/logo\/image\/"}}]}},"_links":{"self":[{"href":"https:\/\/guillaumechevalier.art\/index.php?rest_route=\/wp\/v2\/pages\/45","targetHints":{"allow":["GET"]}}],"collection":[{"href":"https:\/\/guillaumechevalier.art\/index.php?rest_route=\/wp\/v2\/pages"}],"about":[{"href":"https:\/\/guillaumechevalier.art\/index.php?rest_route=\/wp\/v2\/types\/page"}],"author":[{"embeddable":true,"href":"https:\/\/guillaumechevalier.art\/index.php?rest_route=\/wp\/v2\/users\/1"}],"replies":[{"embeddable":true,"href":"https:\/\/guillaumechevalier.art\/index.php?rest_route=%2Fwp%2Fv2%2Fcomments&post=45"}],"version-history":[{"count":6,"href":"https:\/\/guillaumechevalier.art\/index.php?rest_route=\/wp\/v2\/pages\/45\/revisions"}],"predecessor-version":[{"id":253,"href":"https:\/\/guillaumechevalier.art\/index.php?rest_route=\/wp\/v2\/pages\/45\/revisions\/253"}],"wp:attachment":[{"href":"https:\/\/guillaumechevalier.art\/index.php?rest_route=%2Fwp%2Fv2%2Fmedia&parent=45"}],"curies":[{"name":"wp","href":"https:\/\/api.w.org\/{rel}","templated":true}]}}